{"id":36188,"date":"2016-01-01T21:22:18","date_gmt":"2016-01-01T21:22:18","guid":{"rendered":"http:\/\/shelkovicadecor.com\/?page_id=36188"},"modified":"2016-01-09T05:14:32","modified_gmt":"2016-01-09T05:14:32","slug":"weddings","status":"publish","type":"page","link":"https:\/\/shelkovicadecor.com\/fr\/weddings\/","title":{"rendered":"Mariage"},"content":{"rendered":"<p><div class=\"vc_row wpb_row wf-container\" style=\"margin-top: 0px;margin-bottom: 0px\"><div class=\"wpb_column vc_column_container vc_col-sm-6\"><div class=\"wpb_wrapper\">\r\n\t<div class=\"wpb_single_image wpb_content_element vc_align_left\">\r\n\t\t<div class=\"wpb_wrapper\">\r\n\t\t\t\r\n\t\t\t<div class=\"vc_single_image-wrapper   vc_box_border_grey\"><img loading=\"lazy\" decoding=\"async\" width=\"1024\" height=\"683\" src=\"https:\/\/shelkovicadecor.com\/wp-content\/uploads\/2015\/12\/IMG_1327-1024x683.jpg\" class=\"vc_single_image-img attachment-large\" alt=\"\" srcset=\"https:\/\/shelkovicadecor.com\/wp-content\/uploads\/2015\/12\/IMG_1327-1024x683.jpg 1024w, https:\/\/shelkovicadecor.com\/wp-content\/uploads\/2015\/12\/IMG_1327-300x200.jpg 300w, https:\/\/shelkovicadecor.com\/wp-content\/uploads\/2015\/12\/IMG_1327-768x512.jpg 768w\" sizes=\"auto, (max-width: 1024px) 100vw, 1024px\" \/><\/div>\r\n\t\t<\/div>\r\n\t<\/div>\r\n<\/div><\/div><div class=\"wpb_column vc_column_container vc_col-sm-6\"><div class=\"wpb_wrapper\">\r\n\t<div class=\"wpb_text_column wpb_content_element \">\r\n\t\t<div class=\"wpb_wrapper\">\r\n\t\t\t<p>L&rsquo;amour est le d\u00e9but du bonheur. Le mariage est le d\u00e9but d&rsquo;une nouvelle vie.<br \/>\nVotre nouvelle vie doit commencer dans conte de f\u00e9e.<br \/>\nNous vous proposons de concevoir jour de votre mariage de A \u00e0 Z, de l&rsquo;id\u00e9e \u00e0 la r\u00e9alisation. D\u00e9coration pour votre lieu de c\u00e9r\u00e9monie. Lieu de banquet. Zones pour les invit\u00e9s \u00bbse d\u00e9tendre. Petit d\u00e9tails et accessoires de mariage.<br \/>\nNous allons vous aider \u00e0 transformer votre journ\u00e9e de mariage \u00e0 la f\u00eate de la joie et de l&rsquo;amour.<\/p>\n<p>&nbsp;<\/p>\n\r\n\t\t<\/div>\r\n\t<\/div>\r\n<\/div><\/div><\/div><div class=\"vc_row wpb_row wf-container\" style=\"margin-top: 0px;margin-bottom: 0px\"><div class=\"wpb_column vc_column_container vc_col-sm-6\"><div class=\"wpb_wrapper\">\r\n\t<div class=\"wpb_text_column wpb_content_element \">\r\n\t\t<div class=\"wpb_wrapper\">\r\n\t\t\t<p>&nbsp;<\/p>\n<p>&nbsp;<\/p>\n<p>Guest &amp; Reception Decor Planning<\/p>\n<p>&nbsp;<\/p>\n<ul>\n<li>Seating<\/li>\n<li>Napkins<\/li>\n<li>Flowers<\/li>\n<\/ul>\n<p>&nbsp;<\/p>\n<p>&nbsp;<\/p>\n<p>&nbsp;<\/p>\n\r\n\t\t<\/div>\r\n\t<\/div>\r\n<\/div><\/div><div class=\"wpb_column vc_column_container vc_col-sm-6\"><div class=\"wpb_wrapper\">\r\n\t<div class=\"wpb_single_image wpb_content_element vc_align_left\">\r\n\t\t<div class=\"wpb_wrapper\">\r\n\t\t\t\r\n\t\t\t<div class=\"vc_single_image-wrapper   vc_box_border_grey\"><img loading=\"lazy\" decoding=\"async\" width=\"604\" height=\"604\" src=\"https:\/\/shelkovicadecor.com\/wp-content\/uploads\/2016\/01\/qWUsV9pxo0c-1.jpg\" class=\"vc_single_image-img attachment-large\" alt=\"\" srcset=\"https:\/\/shelkovicadecor.com\/wp-content\/uploads\/2016\/01\/qWUsV9pxo0c-1.jpg 604w, https:\/\/shelkovicadecor.com\/wp-content\/uploads\/2016\/01\/qWUsV9pxo0c-1-150x150.jpg 150w, https:\/\/shelkovicadecor.com\/wp-content\/uploads\/2016\/01\/qWUsV9pxo0c-1-300x300.jpg 300w\" sizes=\"auto, (max-width: 604px) 100vw, 604px\" \/><\/div>\r\n\t\t<\/div>\r\n\t<\/div>\r\n<\/div><\/div><\/div><div class=\"vc_row wpb_row wf-container\" style=\"margin-top: 0px;margin-bottom: 0px\"><div class=\"wpb_column vc_column_container vc_col-sm-6\"><div class=\"wpb_wrapper\">\r\n\t<div class=\"wpb_single_image wpb_content_element vc_align_left\">\r\n\t\t<div class=\"wpb_wrapper\">\r\n\t\t\t\r\n\t\t\t<div class=\"vc_single_image-wrapper   vc_box_border_grey\"><img loading=\"lazy\" decoding=\"async\" width=\"750\" height=\"750\" src=\"https:\/\/shelkovicadecor.com\/wp-content\/uploads\/2016\/01\/outdoor-zone.jpg\" class=\"vc_single_image-img attachment-large\" alt=\"\" srcset=\"https:\/\/shelkovicadecor.com\/wp-content\/uploads\/2016\/01\/outdoor-zone.jpg 750w, https:\/\/shelkovicadecor.com\/wp-content\/uploads\/2016\/01\/outdoor-zone-150x150.jpg 150w, https:\/\/shelkovicadecor.com\/wp-content\/uploads\/2016\/01\/outdoor-zone-300x300.jpg 300w\" sizes=\"auto, (max-width: 750px) 100vw, 750px\" \/><\/div>\r\n\t\t<\/div>\r\n\t<\/div>\r\n<\/div><\/div><div class=\"wpb_column vc_column_container vc_col-sm-6\"><div class=\"wpb_wrapper\">\r\n\t<div class=\"wpb_text_column wpb_content_element \">\r\n\t\t<div class=\"wpb_wrapper\">\r\n\t\t\t<p>&nbsp;<\/p>\n<p>Complete Wedding Zone\u00a0Planning<\/p>\n<p>&nbsp;<\/p>\n<ul>\n<li>Welcome Zone<\/li>\n<li>Welcome<\/li>\n<li>Refreshments<\/li>\n<\/ul>\n\r\n\t\t<\/div>\r\n\t<\/div>\r\n<\/div><\/div><\/div><div class=\"vc_row wpb_row wf-container\" style=\"margin-top: 0px;margin-bottom: 0px\"><div class=\"wpb_column vc_column_container vc_col-sm-6\"><div class=\"wpb_wrapper\">\r\n\t<div class=\"wpb_text_column wpb_content_element \">\r\n\t\t<div class=\"wpb_wrapper\">\r\n\t\t\t<p>Food and Refreshment Planning<\/p>\n<p>&nbsp;<\/p>\n<ul>\n<li>Candy Bar<\/li>\n<li>Wine and Beverage<\/li>\n<li>Cheese &amp; Fruit<\/li>\n<\/ul>\n\r\n\t\t<\/div>\r\n\t<\/div>\r\n<\/div><\/div><div class=\"wpb_column vc_column_container vc_col-sm-6\"><div class=\"wpb_wrapper\">\r\n\t<div class=\"wpb_single_image wpb_content_element vc_align_left\">\r\n\t\t<div class=\"wpb_wrapper\">\r\n\t\t\t\r\n\t\t\t<div class=\"vc_single_image-wrapper   vc_box_border_grey\"><img loading=\"lazy\" decoding=\"async\" width=\"680\" height=\"1024\" src=\"https:\/\/shelkovicadecor.com\/wp-content\/uploads\/2016\/01\/refreshment-bar-680x1024.jpg\" class=\"vc_single_image-img attachment-large\" alt=\"\" srcset=\"https:\/\/shelkovicadecor.com\/wp-content\/uploads\/2016\/01\/refreshment-bar-680x1024.jpg 680w, https:\/\/shelkovicadecor.com\/wp-content\/uploads\/2016\/01\/refreshment-bar-199x300.jpg 199w, https:\/\/shelkovicadecor.com\/wp-content\/uploads\/2016\/01\/refreshment-bar.jpg 750w\" sizes=\"auto, (max-width: 680px) 100vw, 680px\" \/><\/div>\r\n\t\t<\/div>\r\n\t<\/div>\r\n<\/div><\/div><\/div><\/p>","protected":false},"excerpt":{"rendered":"L'amour est le d\u00e9but du bonheur. Le mariage est le d\u00e9but d'une nouvelle vie. Votre nouvelle vie doit commencer dans conte de f\u00e9e. Nous vous proposons de concevoir jour de votre mariage de A \u00e0 Z, de l'id\u00e9e \u00e0 la r\u00e9alisation. D\u00e9coration pour votre lieu de c\u00e9r\u00e9monie. Lieu de banquet. Zones pour les invit\u00e9s \u00bbse&hellip;","protected":false},"author":1,"featured_media":0,"parent":0,"menu_order":0,"comment_status":"closed","ping_status":"closed","template":"","meta":{"footnotes":""},"class_list":["post-36188","page","type-page","status-publish","hentry","description-off"],"_links":{"self":[{"href":"https:\/\/shelkovicadecor.com\/fr\/wp-json\/wp\/v2\/pages\/36188","targetHints":{"allow":["GET"]}}],"collection":[{"href":"https:\/\/shelkovicadecor.com\/fr\/wp-json\/wp\/v2\/pages"}],"about":[{"href":"https:\/\/shelkovicadecor.com\/fr\/wp-json\/wp\/v2\/types\/page"}],"author":[{"embeddable":true,"href":"https:\/\/shelkovicadecor.com\/fr\/wp-json\/wp\/v2\/users\/1"}],"replies":[{"embeddable":true,"href":"https:\/\/shelkovicadecor.com\/fr\/wp-json\/wp\/v2\/comments?post=36188"}],"version-history":[{"count":12,"href":"https:\/\/shelkovicadecor.com\/fr\/wp-json\/wp\/v2\/pages\/36188\/revisions"}],"predecessor-version":[{"id":36669,"href":"https:\/\/shelkovicadecor.com\/fr\/wp-json\/wp\/v2\/pages\/36188\/revisions\/36669"}],"wp:attachment":[{"href":"https:\/\/shelkovicadecor.com\/fr\/wp-json\/wp\/v2\/media?parent=36188"}],"curies":[{"name":"wp","href":"https:\/\/api.w.org\/{rel}","templated":true}]}}