{"id":35789,"date":"2015-01-19T09:50:02","date_gmt":"2015-01-19T09:50:02","guid":{"rendered":"http:\/\/the7.dream-demo.com\/demo\/photo\/?page_id=35789"},"modified":"2016-02-15T16:30:22","modified_gmt":"2016-02-15T16:30:22","slug":"about-studio","status":"publish","type":"page","link":"https:\/\/shelkovicadecor.com\/fr\/about-studio\/","title":{"rendered":"Nos Services"},"content":{"rendered":"<p><div class=\"vc_row wpb_row wf-container\" style=\"margin-top: 5px;margin-bottom: 10px\"><div class=\"wpb_column vc_column_container vc_col-sm-12\"><div class=\"wpb_wrapper\">\r\n\t<div class=\"wpb_text_column wpb_content_element \">\r\n\t\t<div class=\"wpb_wrapper\">\r\n\t\t\t<h2 style=\"text-align: center;\">ABOUT STUDIO<\/h2>\n\r\n\t\t<\/div>\r\n\t<\/div>\r\n\t<div class=\"vc_empty_space\"  style=\"height: 10px\" ><span\r\n\t\t\tclass=\"vc_empty_space_inner\"><\/span><\/div>\r\n\t<div class=\"wpb_text_column wpb_content_element \">\r\n\t\t<div class=\"wpb_wrapper\">\r\n\t\t\t<h4 style=\"text-align: center;\">A full-service photo studio<\/h4>\n\r\n\t\t<\/div>\r\n\t<\/div>\r\n\t<div class=\"vc_empty_space\"  style=\"height: 50px\" ><span\r\n\t\t\tclass=\"vc_empty_space_inner\"><\/span><\/div><\/div><\/div><div class=\"wpb_column vc_column_container vc_col-sm-12 vc_col-lg-4 vc_col-md-4 vc_col-xs-12\"><div class=\"wpb_wrapper\">\t<div class=\"vc_empty_space\"  style=\"height: 5px\" ><span\r\n\t\t\tclass=\"vc_empty_space_inner\"><\/span><\/div>\r\n\t<div class=\"wpb_single_image wpb_content_element vc_align_center\">\r\n\t\t<div class=\"wpb_wrapper\">\r\n\t\t\t\r\n\t\t\t<div class=\"vc_single_image-wrapper   vc_box_border_grey\"><img loading=\"lazy\" decoding=\"async\" class=\"vc_single_image-img \" src=\"https:\/\/shelkovicadecor.com\/wp-content\/uploads\/2015\/01\/noimage-1000x420.jpg\" width=\"1000\" height=\"420\" alt=\"the7-photo-banner\" title=\"the7-photo-banner\" \/><\/div>\r\n\t\t<\/div>\r\n\t<\/div>\r\n\t<div class=\"vc_empty_space\"  style=\"height: 16px\" ><span\r\n\t\t\tclass=\"vc_empty_space_inner\"><\/span><\/div>\r\n\t<div class=\"wpb_text_column wpb_content_element \">\r\n\t\t<div class=\"wpb_wrapper\">\r\n\t\t\t<p>Sed hendrerit enim non justo posuere placerat hendrerit enim non justo posuere placerat eget purus vel mauris tincidunt tincidunt et nibhbus facilisis dolorus.<\/p>\n<p>Mauris id luctus\u00a0justo a felis faucibus ornare vel id metus. Sed non justo posuere placerat!<\/p>\n\r\n\t\t<\/div>\r\n\t<\/div>\r\n\t<div class=\"vc_empty_space\"  style=\"height: 20px\" ><span\r\n\t\t\tclass=\"vc_empty_space_inner\"><\/span><\/div><a href=\"http:\/\/the7.dream-demo.com\/demo\/photo\/our-portfolio\/\" class=\"dt-btn-s dt-btn\">VIEW PORTFOLIO<\/a>\t<div class=\"vc_empty_space\"  style=\"height: 40px\" ><span\r\n\t\t\tclass=\"vc_empty_space_inner\"><\/span><\/div><\/div><\/div><div class=\"wpb_column vc_column_container vc_col-sm-12 vc_col-lg-8 vc_col-md-8 vc_col-xs-12\"><div class=\"wpb_wrapper\"><section id=\"benefits-grid-2\" class=\"benefits-grid wf-container benefits-style-two icons-bg light-bg light-hover-bg light-icon-color accent-icon-hover-color\" data-width=\"260px\" data-columns=\"2\"><style type=\"text\/css\">#benefits-grid-2.icons-bg .benefits-grid-ico { height: 60px; line-height: 60px; width: 60px; }#benefits-grid-2.icons-bg .benefits-grid-ico > .fa { font-size: 26px; line-height: 60px; }<\/style><div class=\"wf-cell\"><div><div class=\"text-big\"><div class=\"wf-table\"><div class=\"wf-td\"><\/div><div class=\"wf-td benefits-inner\"><h5>Wedding Decor Design<\/h5><p style=\"text-align: justify;\"><img loading=\"lazy\" decoding=\"async\" class=\"wp-image-36565 alignleft\" src=\"http:\/\/shelkovicadecor.com\/wp-content\/uploads\/2013\/09\/Weddings-150x150.jpg\" alt=\"\" width=\"150\" height=\"100\" srcset=\"https:\/\/shelkovicadecor.com\/wp-content\/uploads\/2013\/09\/Weddings-300x200.jpg 300w, https:\/\/shelkovicadecor.com\/wp-content\/uploads\/2013\/09\/Weddings-768x512.jpg 768w, https:\/\/shelkovicadecor.com\/wp-content\/uploads\/2013\/09\/Weddings-1024x683.jpg 1024w\" sizes=\"auto, (max-width: 150px) 100vw, 150px\" \/>We offer a complete range of services to make your day memorable<\/p>\n<p style=\"text-align: justify;\">&#8230; and enjoyable !<\/p>\n<p style=\"text-align: justify;\"><a href=\"http:\/\/shelkovicadecor.com\/weddings\/\">more<\/a><\/p>\n<\/div><\/div><\/div><\/div><\/div><div class=\"wf-cell\"><div><div class=\"text-big\"><div class=\"wf-table\"><div class=\"wf-td\"><\/div><div class=\"wf-td benefits-inner\"><h5>\u00c9v\u00e9nements<\/h5><p><img loading=\"lazy\" decoding=\"async\" class=\"alignleft wp-image-36566\" src=\"http:\/\/shelkovicadecor.com\/wp-content\/uploads\/2013\/09\/Depositphotos_11310813_original-150x150.jpg\" alt=\"Events Shelkovica\" width=\"116\" height=\"100\" srcset=\"https:\/\/shelkovicadecor.com\/wp-content\/uploads\/2013\/09\/Depositphotos_11310813_original-300x258.jpg 300w, https:\/\/shelkovicadecor.com\/wp-content\/uploads\/2013\/09\/Depositphotos_11310813_original-768x659.jpg 768w, https:\/\/shelkovicadecor.com\/wp-content\/uploads\/2013\/09\/Depositphotos_11310813_original-1024x879.jpg 1024w\" sizes=\"auto, (max-width: 116px) 100vw, 116px\" \/>Nous pouvons faire tous vos \u00e9v\u00e9nements unique et m\u00e9morable que ce soit une f\u00eate d&rsquo;un anniversaire, anniversaire, r\u00e9union d&rsquo;affaires ou le d\u00e9cor de votre bureau, maison ou une s\u00e9ance de photo.<\/p>\n<p><em><strong><a href=\"http:\/\/shelkovicadecor.com\/events\/\" target=\"_blank\">suite\u00a0&gt;&gt;&gt;<\/a><\/strong><\/em><\/p>\n<\/div><\/div><\/div><\/div><\/div><div class=\"wf-cell\"><div><div class=\"text-big\"><div class=\"wf-table\"><div class=\"wf-td\"><\/div><div class=\"wf-td benefits-inner\"><h5>Cadeaux<\/h5><p style=\"text-align: justify;\"><img loading=\"lazy\" decoding=\"async\" class=\"alignleft wp-image-36545\" src=\"http:\/\/shelkovicadecor.com\/wp-content\/uploads\/2013\/09\/Presents-thumb-150x150.jpg\" alt=\"\" width=\"122\" height=\"100\" srcset=\"https:\/\/shelkovicadecor.com\/wp-content\/uploads\/2013\/09\/Presents-thumb-300x246.jpg 300w, https:\/\/shelkovicadecor.com\/wp-content\/uploads\/2013\/09\/Presents-thumb.jpg 639w\" sizes=\"auto, (max-width: 122px) 100vw, 122px\" \/>Trouvez le cadeau id\u00e9al, \u00e0 chaque fois.<br \/>\nPour faire une belle et m\u00e9morable pr\u00e9sente est un art.<br \/>\nNous vous aidons \u00e0 trouver la meilleure id\u00e9e cadeau pour toutes vos f\u00eates &#8211; un cadeau sp\u00e9cial et r\u00e9confortante pour votre bien, un mignon et dr\u00f4le pour vos amis.<\/p>\n<\/div><\/div><\/div><\/div><\/div><div class=\"wf-cell\"><div><div class=\"text-big\"><div class=\"wf-table\"><div class=\"wf-td\"><\/div><div class=\"wf-td benefits-inner\"><h5>D\u00e9coration d&rsquo;int\u00e9rieur<\/h5><p><img decoding=\"async\" src=\"http:\/\/shelkovicadecor.com\/wp-content\/uploads\/2015\/12\/2015-12-25-16.49.41-150x150.jpg\" alt=\"Dream Christmas\" \/>Nous offrons une gamme compl\u00e8te de services de services de d\u00e9coration d&rsquo;int\u00e9rieur<\/p>\n<\/div><\/div><\/div><\/div><\/div><div class=\"wf-cell\"><div><div class=\"text-big\"><div class=\"wf-table\"><div class=\"wf-td\"><\/div><div class=\"wf-td benefits-inner\"><h5>Custom Date Planning<\/h5><p style=\"text-align: justify;\"><img loading=\"lazy\" decoding=\"async\" class=\"alignleft wp-image-36543\" src=\"http:\/\/shelkovicadecor.com\/wp-content\/uploads\/2013\/09\/hp-thumb-date-150x150.jpg\" alt=\"\" width=\"129\" height=\"100\" srcset=\"https:\/\/shelkovicadecor.com\/wp-content\/uploads\/2013\/09\/hp-thumb-date-300x232.jpg 300w, https:\/\/shelkovicadecor.com\/wp-content\/uploads\/2013\/09\/hp-thumb-date.jpg 598w\" sizes=\"auto, (max-width: 129px) 100vw, 129px\" \/>Sometimes we want something special, not just visit a restaurant. Make your date beautiful.<br \/>\nWe will make your date unusual and romantic. All ideas are individual and designed to our\u00a0customer&rsquo;s wishes.<br \/>\n<a href=\"http:\/\/shelkovicadecor.com\/about-studio\/\" target=\"_blank\">more<\/a><\/p>\n<\/div><\/div><\/div><\/div><\/div><div class=\"wf-cell\"><div><div class=\"text-big\"><div class=\"wf-table\"><div class=\"wf-td\"><\/div><div class=\"wf-td benefits-inner\"><h5>Cartes  et Invitations<\/h5><p><img loading=\"lazy\" decoding=\"async\" class=\"alignleft wp-image-36567 size-thumbnail\" src=\"http:\/\/shelkovicadecor.com\/wp-content\/uploads\/2013\/09\/2015-09-11-20.25.01-150x150.jpg\" alt=\"\" width=\"150\" height=\"150\" \/>Invitez votre famille et vos amis dans le style.<br \/>\nNous allons cr\u00e9er votre invitation unique, merci des cartes, cartes d&rsquo;endroit, carte de si\u00e8ges avec votre propre choix de couleurs, le style et le design.<\/p>\n<\/div><\/div><\/div><\/div><\/div><\/section>\t<div class=\"vc_empty_space\"  style=\"height: 50px\" ><span\r\n\t\t\tclass=\"vc_empty_space_inner\"><\/span><\/div><\/div><\/div><\/div><div class=\"stripe stripe-style-1 stripe-transparent-bg\" style=\"background-position: top;background-repeat: repeat;background-attachment: scroll;background-size: auto;padding-top: 55px;padding-bottom: 40px;margin-top: 0px;margin-bottom: 0px\"><div class=\"vc_row wpb_row wf-container\" style=\"\"><div class=\"wpb_column vc_column_container vc_col-sm-12\"><div class=\"wpb_wrapper\">\r\n\t<div class=\"wpb_text_column wpb_content_element \">\r\n\t\t<div class=\"wpb_wrapper\">\r\n\t\t\t<h2 style=\"text-align: center;\">SPECIAL OFFERS<\/h2>\n\r\n\t\t<\/div>\r\n\t<\/div>\r\n\t<div class=\"vc_empty_space\"  style=\"height: 10px\" ><span\r\n\t\t\tclass=\"vc_empty_space_inner\"><\/span><\/div>\r\n\t<div class=\"wpb_text_column wpb_content_element \">\r\n\t\t<div class=\"wpb_wrapper\">\r\n\t\t\t<h4 style=\"text-align: center;\">Special prices for most\u00a0popular services<\/h4>\n\r\n\t\t<\/div>\r\n\t<\/div>\r\n\t<div class=\"vc_empty_space\"  style=\"height: 55px\" ><span\r\n\t\t\tclass=\"vc_empty_space_inner\"><\/span><\/div><\/div><\/div><div class=\"wpb_column vc_column_container vc_col-sm-12 vc_col-lg-4 vc_col-md-4 vc_col-xs-12\"><div class=\"wpb_wrapper\"><div class=\"shortcode-banner\" style=\"min-height: 220px;background-image: url(https:\/\/shelkovicadecor.com\/wp-content\/uploads\/2014\/09\/noimage-7.jpg)\"><div class=\"shortcode-banner-bg wf-table\" style=\"padding: 15px;min-height: 220px\"><div class=\"shortcode-banner-inside wf-table text-big\" style=\"background-color: rgb(0,0,0);background-color: rgba(0,0,0,0.35);border: solid 0px transparent;outline: solid 3px;outline-color: #ffffff;height: 220px\"><div><div class=\"gap\" style=\"line-height: 10px; height: 10px;\"><\/div>\n<h3 style=\"text-align: center;\"><span style=\"color: #ffffff;\">WEDDING PHOTOGRAPHY<\/span><\/h3>\n<h5 style=\"text-align: center;\"><span style=\"color: #ffffff;\">3 hours \/ 50+ photos \/ $399<\/span><\/h5>\n<\/div><\/div><\/div><\/div>\t<div class=\"vc_empty_space\"  style=\"height: 20px\" ><span\r\n\t\t\tclass=\"vc_empty_space_inner\"><\/span><\/div><\/div><\/div><div class=\"wpb_column vc_column_container vc_col-sm-12 vc_col-lg-4 vc_col-md-4 vc_col-xs-12\"><div class=\"wpb_wrapper\"><div class=\"shortcode-banner\" style=\"min-height: 220px;background-image: url(https:\/\/shelkovicadecor.com\/wp-content\/uploads\/2014\/10\/noimage-5.jpg)\"><div class=\"shortcode-banner-bg wf-table\" style=\"padding: 15px;min-height: 220px\"><div class=\"shortcode-banner-inside wf-table text-big\" style=\"background-color: rgb(0,0,0);background-color: rgba(0,0,0,0.35);border: solid 0px transparent;outline: solid 3px;outline-color: #ffffff;height: 220px\"><div><div class=\"gap\" style=\"line-height: 10px; height: 10px;\"><\/div>\n<h3 style=\"text-align: center;\"><span style=\"color: #ffffff;\">CORPORATE EVENTS<\/span><\/h3>\n<h5 style=\"text-align: center;\"><span style=\"color: #ffffff;\">2 hours \/ 30+ photos \/ $299<\/span><\/h5>\n<\/div><\/div><\/div><\/div>\t<div class=\"vc_empty_space\"  style=\"height: 20px\" ><span\r\n\t\t\tclass=\"vc_empty_space_inner\"><\/span><\/div><\/div><\/div><div class=\"wpb_column vc_column_container vc_col-sm-12 vc_col-lg-4 vc_col-md-4 vc_col-xs-12\"><div class=\"wpb_wrapper\"><div class=\"shortcode-banner\" style=\"min-height: 220px;background-image: url(https:\/\/shelkovicadecor.com\/wp-content\/uploads\/2014\/09\/noimage-6.jpg)\"><div class=\"shortcode-banner-bg wf-table\" style=\"padding: 15px;min-height: 220px\"><div class=\"shortcode-banner-inside wf-table text-big\" style=\"background-color: rgb(0,0,0);background-color: rgba(0,0,0,0.35);border: solid 0px transparent;outline: solid 3px;outline-color: #ffffff;height: 220px\"><div><div class=\"gap\" style=\"line-height: 10px; height: 10px;\"><\/div>\n<h3 style=\"text-align: center;\"><span style=\"color: #ffffff;\">OBJECTS &amp; PROMO<\/span><\/h3>\n<h5 style=\"text-align: center;\"><span style=\"color: #ffffff;\">2 hours \/ 40+ photos \/ $499<\/span><\/h5>\n<\/div><\/div><\/div><\/div>\t<div class=\"vc_empty_space\"  style=\"height: 20px\" ><span\r\n\t\t\tclass=\"vc_empty_space_inner\"><\/span><\/div><\/div><\/div><\/div><\/div><div class=\"vc_row wpb_row wf-container\" style=\"margin-top: 55px;margin-bottom: 20px\"><div class=\"wpb_column vc_column_container vc_col-sm-12\"><div class=\"wpb_wrapper\">\r\n\t<div class=\"wpb_text_column wpb_content_element \">\r\n\t\t<div class=\"wpb_wrapper\">\r\n\t\t\t<h2 style=\"text-align: center;\">STUDIO\u00a0SHOOTING<\/h2>\n\r\n\t\t<\/div>\r\n\t<\/div>\r\n\t<div class=\"vc_empty_space\"  style=\"height: 10px\" ><span\r\n\t\t\tclass=\"vc_empty_space_inner\"><\/span><\/div>\r\n\t<div class=\"wpb_text_column wpb_content_element \">\r\n\t\t<div class=\"wpb_wrapper\">\r\n\t\t\t<h4 style=\"text-align: center;\">Top-notch service &amp; optimal price<\/h4>\n\r\n\t\t<\/div>\r\n\t<\/div>\r\n\t<div class=\"vc_empty_space\"  style=\"height: 50px\" ><span\r\n\t\t\tclass=\"vc_empty_space_inner\"><\/span><\/div><\/div><\/div><div class=\"wpb_column vc_column_container vc_col-sm-12 vc_col-lg-12 vc_col-md-12 vc_col-xs-12\"><div class=\"wpb_wrapper\">\r\n\t<div class=\"wpb_text_column wpb_content_element  vc_custom_1411564881117\">\r\n\t\t<div class=\"wpb_wrapper\">\r\n\t\t\t<p>Pricing table with an Table ID \/ Post ID of \"go_dt_05\" is not defined.<\/p>\n\r\n\t\t<\/div>\r\n\t<\/div>\r\n<\/div><\/div><div class=\"wpb_column vc_column_container vc_col-sm-12 vc_col-lg-offset-2 vc_col-lg-8 vc_col-md-offset-2 vc_col-md-8 vc_col-xs-12\"><div class=\"wpb_wrapper\">\t<div class=\"vc_empty_space\"  style=\"height: 5px\" ><span\r\n\t\t\tclass=\"vc_empty_space_inner\"><\/span><\/div>\r\n\t<div class=\"wpb_text_column wpb_content_element \">\r\n\t\t<div class=\"wpb_wrapper\">\r\n\t\t\t<p style=\"text-align: center;\">Sed hendrerit enim non justo posuere placerat eget purus vel mauris tincidunt tincidunt et nibhbus facilisis dolorus. Mauris id luctus nunc lacus faucibus lorem, at varius augue metus ac velit dapibus.<\/p>\n<div class=\"gap\" style=\"line-height: 10px; height: 10px;\"><\/div>\n<p style=\"text-align: center;\"><a href=\"http:\/\/the7.dream-demo.com\/demo\/photo\/contact\/\" class=\"dt-btn-m dt-btn\">BOOK YOUR PHOTOSHOOT<\/a><\/p>\n\r\n\t\t<\/div>\r\n\t<\/div>\r\n\t<div class=\"vc_empty_space\"  style=\"height: 40px\" ><span\r\n\t\t\tclass=\"vc_empty_space_inner\"><\/span><\/div><\/div><\/div><\/div><div class=\"stripe stripe-style-1 stripe-transparent-bg\" style=\"background-position: top;background-repeat: repeat;background-attachment: scroll;background-size: auto;padding-top: 55px;padding-bottom: 20px;margin-top: 0px;margin-bottom: -50px\"><div class=\"vc_row wpb_row wf-container\" style=\"\"><div class=\"wpb_column vc_column_container vc_col-sm-12\"><div class=\"wpb_wrapper\">\r\n\t<div class=\"wpb_text_column wpb_content_element \">\r\n\t\t<div class=\"wpb_wrapper\">\r\n\t\t\t<h2 style=\"text-align: center;\">PHOTO RETOUCH<\/h2>\n\r\n\t\t<\/div>\r\n\t<\/div>\r\n\t<div class=\"vc_empty_space\"  style=\"height: 10px\" ><span\r\n\t\t\tclass=\"vc_empty_space_inner\"><\/span><\/div>\r\n\t<div class=\"wpb_text_column wpb_content_element \">\r\n\t\t<div class=\"wpb_wrapper\">\r\n\t\t\t<h4 style=\"text-align: center;\">Everything is possible<\/h4>\n\r\n\t\t<\/div>\r\n\t<\/div>\r\n\t<div class=\"vc_empty_space\"  style=\"height: 55px\" ><span\r\n\t\t\tclass=\"vc_empty_space_inner\"><\/span><\/div><\/div><\/div><div class=\"wpb_column vc_column_container vc_col-sm-6 vc_col-lg-offset-0 vc_col-lg-4 vc_col-md-offset-0 vc_col-md-4 vc_col-sm-offset-0 vc_col-xs-12\"><div class=\"wpb_wrapper\"><div class=\"twentytwenty-container\" data-orientation=\"horizontal\" data-offset=\"0.5\"><img loading=\"lazy\" decoding=\"async\" class=\"preload-me\" src=\"https:\/\/shelkovicadecor.com\/wp-content\/uploads\/2014\/08\/noimage-1.jpg\" width=\"1000\" height=\"700\"  title=\"Original\" alt=\"\"><img loading=\"lazy\" decoding=\"async\" class=\"preload-me\" src=\"https:\/\/shelkovicadecor.com\/wp-content\/uploads\/2014\/08\/noimage.jpg\" width=\"1000\" height=\"700\"  title=\"Retouch\" alt=\"\"><\/div>\t<div class=\"vc_empty_space\"  style=\"height: 24px\" ><span\r\n\t\t\tclass=\"vc_empty_space_inner\"><\/span><\/div>\r\n\t<div class=\"wpb_text_column wpb_content_element \">\r\n\t\t<div class=\"wpb_wrapper\">\r\n\t\t\t<h5 style=\"text-align: center;\">COLOR MANIPULATIONS<\/h5>\n\r\n\t\t<\/div>\r\n\t<\/div>\r\n\t<div class=\"vc_empty_space\"  style=\"height: 5px\" ><span\r\n\t\t\tclass=\"vc_empty_space_inner\"><\/span><\/div>\r\n\t<div class=\"wpb_text_column wpb_content_element \">\r\n\t\t<div class=\"wpb_wrapper\">\r\n\t\t\t<p style=\"text-align: center;\"><span class=\"text-small color-base-transparent\">From $20 \/ image<\/span><\/p>\n\r\n\t\t<\/div>\r\n\t<\/div>\r\n\t<div class=\"vc_empty_space\"  style=\"height: 40px\" ><span\r\n\t\t\tclass=\"vc_empty_space_inner\"><\/span><\/div><\/div><\/div><div class=\"wpb_column vc_column_container vc_col-sm-6 vc_col-lg-4 vc_col-md-4 vc_col-sm-offset-0 vc_col-xs-12\"><div class=\"wpb_wrapper\"><div class=\"twentytwenty-container\" data-orientation=\"horizontal\" data-offset=\"0.5\"><img loading=\"lazy\" decoding=\"async\" class=\"preload-me\" src=\"https:\/\/shelkovicadecor.com\/wp-content\/uploads\/2014\/09\/noimage-2.jpg\" width=\"1000\" height=\"700\"  title=\"Original\" alt=\"\"><img loading=\"lazy\" decoding=\"async\" class=\"preload-me\" src=\"https:\/\/shelkovicadecor.com\/wp-content\/uploads\/2014\/09\/noimage-3.jpg\" width=\"1000\" height=\"700\"  title=\"Retouch\" alt=\"\"><\/div>\t<div class=\"vc_empty_space\"  style=\"height: 24px\" ><span\r\n\t\t\tclass=\"vc_empty_space_inner\"><\/span><\/div>\r\n\t<div class=\"wpb_text_column wpb_content_element \">\r\n\t\t<div class=\"wpb_wrapper\">\r\n\t\t\t<h5 style=\"text-align: center;\">COLOR TO\u00a0B&amp;W<\/h5>\n\r\n\t\t<\/div>\r\n\t<\/div>\r\n\t<div class=\"vc_empty_space\"  style=\"height: 5px\" ><span\r\n\t\t\tclass=\"vc_empty_space_inner\"><\/span><\/div>\r\n\t<div class=\"wpb_text_column wpb_content_element \">\r\n\t\t<div class=\"wpb_wrapper\">\r\n\t\t\t<p style=\"text-align: center;\"><span class=\"text-small color-base-transparent\">From $10 \/ image<\/span><\/p>\n\r\n\t\t<\/div>\r\n\t<\/div>\r\n\t<div class=\"vc_empty_space\"  style=\"height: 40px\" ><span\r\n\t\t\tclass=\"vc_empty_space_inner\"><\/span><\/div><\/div><\/div><div class=\"wpb_column vc_column_container vc_col-sm-6 vc_col-lg-offset-0 vc_col-lg-4 vc_col-md-offset-0 vc_col-md-4 vc_col-sm-offset-3 vc_col-xs-12\"><div class=\"wpb_wrapper\"><div class=\"twentytwenty-container\" data-orientation=\"horizontal\" data-offset=\"0.5\"><img loading=\"lazy\" decoding=\"async\" class=\"preload-me\" src=\"https:\/\/shelkovicadecor.com\/wp-content\/uploads\/2014\/09\/noimage-1.jpg\" width=\"1000\" height=\"700\"  title=\"Original\" alt=\"\"><img loading=\"lazy\" decoding=\"async\" class=\"preload-me\" src=\"https:\/\/shelkovicadecor.com\/wp-content\/uploads\/2014\/09\/noimage.jpg\" width=\"1000\" height=\"700\"  title=\"Retouch\" alt=\"\"><\/div>\t<div class=\"vc_empty_space\"  style=\"height: 24px\" ><span\r\n\t\t\tclass=\"vc_empty_space_inner\"><\/span><\/div>\r\n\t<div class=\"wpb_text_column wpb_content_element \">\r\n\t\t<div class=\"wpb_wrapper\">\r\n\t\t\t<h5 style=\"text-align: center;\">IMPERFECTIONS REMOVAL<\/h5>\n\r\n\t\t<\/div>\r\n\t<\/div>\r\n\t<div class=\"vc_empty_space\"  style=\"height: 5px\" ><span\r\n\t\t\tclass=\"vc_empty_space_inner\"><\/span><\/div>\r\n\t<div class=\"wpb_text_column wpb_content_element \">\r\n\t\t<div class=\"wpb_wrapper\">\r\n\t\t\t<p style=\"text-align: center;\"><span class=\"text-small color-base-transparent\">From $35 \/ image<\/span><\/p>\n\r\n\t\t<\/div>\r\n\t<\/div>\r\n\t<div class=\"vc_empty_space\"  style=\"height: 40px\" ><span\r\n\t\t\tclass=\"vc_empty_space_inner\"><\/span><\/div><\/div><\/div><\/div><\/div><\/p>","protected":false},"excerpt":{"rendered":"ABOUT STUDIO A full-service photo studio Sed hendrerit enim non justo posuere placerat hendrerit enim non justo posuere placerat eget purus vel mauris tincidunt tincidunt et nibhbus facilisis dolorus. Mauris id luctus\u00a0justo a felis faucibus ornare vel id metus. Sed non justo posuere placerat! VIEW PORTFOLIO #benefits-grid-4.icons-bg .benefits-grid-ico { height: 60px; line-height: 60px; width: 60px;&hellip;","protected":false},"author":1,"featured_media":0,"parent":0,"menu_order":2,"comment_status":"closed","ping_status":"closed","template":"","meta":{"footnotes":""},"class_list":["post-35789","page","type-page","status-publish","hentry","description-off"],"_links":{"self":[{"href":"https:\/\/shelkovicadecor.com\/fr\/wp-json\/wp\/v2\/pages\/35789","targetHints":{"allow":["GET"]}}],"collection":[{"href":"https:\/\/shelkovicadecor.com\/fr\/wp-json\/wp\/v2\/pages"}],"about":[{"href":"https:\/\/shelkovicadecor.com\/fr\/wp-json\/wp\/v2\/types\/page"}],"author":[{"embeddable":true,"href":"https:\/\/shelkovicadecor.com\/fr\/wp-json\/wp\/v2\/users\/1"}],"replies":[{"embeddable":true,"href":"https:\/\/shelkovicadecor.com\/fr\/wp-json\/wp\/v2\/comments?post=35789"}],"version-history":[{"count":7,"href":"https:\/\/shelkovicadecor.com\/fr\/wp-json\/wp\/v2\/pages\/35789\/revisions"}],"predecessor-version":[{"id":36686,"href":"https:\/\/shelkovicadecor.com\/fr\/wp-json\/wp\/v2\/pages\/35789\/revisions\/36686"}],"wp:attachment":[{"href":"https:\/\/shelkovicadecor.com\/fr\/wp-json\/wp\/v2\/media?parent=35789"}],"curies":[{"name":"wp","href":"https:\/\/api.w.org\/{rel}","templated":true}]}}